{"id":117,"date":"2015-02-17T23:32:00","date_gmt":"2015-02-17T21:32:00","guid":{"rendered":"http:\/\/www.psychotherapeutin-kip.at\/index.php\/?page_id=117"},"modified":"2023-11-14T22:55:42","modified_gmt":"2023-11-14T20:55:42","slug":"willkommen","status":"publish","type":"page","link":"https:\/\/www.psychotherapeutin-kip.at\/","title":{"rendered":"Home"},"content":{"rendered":"\n<p><\/p>\n\n\n\n<h2 class=\"wp-block-heading\"><strong>Psychotherapeutische Praxis Bad Ischl &#8211; Herzlich Willkommen!<\/strong><\/h2>\n\n\n\n<p class=\"has-black-color has-text-color has-medium-font-size\">Wenn Sie eine Psychotherapie beginnen oder sich in einem Erstgespr\u00e4ch unverbindlich \u00fcber eine psychotherapeutische Behandlung informieren wollen, k\u00f6nnen Sie mich gerne kontaktieren. Alle Fragen \u00fcber Behandlung und Ablauf einer Therapie sowie \u00fcber Ihre Ziele k\u00f6nnen dabei besprochen werden.<\/p>\n\n\n\n<hr class=\"wp-block-separator has-text-color has-accent-color has-css-opacity has-accent-background-color has-background is-style-wide\"\/>\n\n\n\n<div class=\"wp-block-media-text alignwide is-stacked-on-mobile\"><figure class=\"wp-block-media-text__media\"><img loading=\"lazy\" decoding=\"async\" width=\"1024\" height=\"683\" src=\"https:\/\/www.psychotherapeutin-kip.at\/wp-content\/uploads\/2023\/11\/image.jpeg\" alt=\"\" class=\"wp-image-8789 size-full\" srcset=\"https:\/\/www.psychotherapeutin-kip.at\/wp-content\/uploads\/2023\/11\/image.jpeg 1024w, https:\/\/www.psychotherapeutin-kip.at\/wp-content\/uploads\/2023\/11\/image-300x200.jpeg 300w, https:\/\/www.psychotherapeutin-kip.at\/wp-content\/uploads\/2023\/11\/image-768x512.jpeg 768w, https:\/\/www.psychotherapeutin-kip.at\/wp-content\/uploads\/2023\/11\/image-360x240.jpeg 360w\" sizes=\"auto, (max-width: 1024px) 100vw, 1024px\" \/><\/figure><div class=\"wp-block-media-text__content\">\n<h2 class=\"wp-block-heading\"><strong>Der Weg entsteht im Gehen.<\/strong><\/h2>\n\n\n\n<p>Manchmal geht es auf den vorgegebenen Wegen nicht weiter und wir stehen vor neuen Herausforderungen. Psychotherapie hei\u00dft, ein St\u00fcck des Weges gemeinsam zu gehen, bis die eigene Sicherheit wieder da ist.<br><\/p>\n<\/div><\/div>\n\n\n\n<hr class=\"wp-block-separator has-text-color has-accent-color has-css-opacity has-accent-background-color has-background is-style-wide\"\/>\n\n\n\n<div style=\"height:50px\" aria-hidden=\"true\" class=\"wp-block-spacer\"><\/div>\n","protected":false},"excerpt":{"rendered":"<p>Psychotherapeutische Praxis Bad Ischl &#8211; Herzlich Willkommen! Wenn Sie eine Psychotherapie beginnen oder sich in einem Erstgespr\u00e4ch unverbindlich \u00fcber eine psychotherapeutische Behandlung informieren wollen, k\u00f6nnen Sie mich gerne kontaktieren. Alle Fragen \u00fcber Behandlung und Ablauf einer Therapie sowie \u00fcber Ihre Ziele k\u00f6nnen dabei besprochen werden. Der Weg entsteht im Gehen. [&hellip;]<\/p>\n","protected":false},"author":1,"featured_media":0,"parent":0,"menu_order":0,"comment_status":"closed","ping_status":"open","template":"","meta":{"footnotes":""},"class_list":["post-117","page","type-page","status-publish","hentry"],"_links":{"self":[{"href":"https:\/\/www.psychotherapeutin-kip.at\/index.php?rest_route=\/wp\/v2\/pages\/117","targetHints":{"allow":["GET"]}}],"collection":[{"href":"https:\/\/www.psychotherapeutin-kip.at\/index.php?rest_route=\/wp\/v2\/pages"}],"about":[{"href":"https:\/\/www.psychotherapeutin-kip.at\/index.php?rest_route=\/wp\/v2\/types\/page"}],"author":[{"embeddable":true,"href":"https:\/\/www.psychotherapeutin-kip.at\/index.php?rest_route=\/wp\/v2\/users\/1"}],"replies":[{"embeddable":true,"href":"https:\/\/www.psychotherapeutin-kip.at\/index.php?rest_route=%2Fwp%2Fv2%2Fcomments&post=117"}],"version-history":[{"count":82,"href":"https:\/\/www.psychotherapeutin-kip.at\/index.php?rest_route=\/wp\/v2\/pages\/117\/revisions"}],"predecessor-version":[{"id":8814,"href":"https:\/\/www.psychotherapeutin-kip.at\/index.php?rest_route=\/wp\/v2\/pages\/117\/revisions\/8814"}],"wp:attachment":[{"href":"https:\/\/www.psychotherapeutin-kip.at\/index.php?rest_route=%2Fwp%2Fv2%2Fmedia&parent=117"}],"curies":[{"name":"wp","href":"https:\/\/api.w.org\/{rel}","templated":true}]}}