{"id":139,"date":"2015-02-22T22:59:45","date_gmt":"2015-02-22T20:59:45","guid":{"rendered":"http:\/\/www.psychotherapeutin-kip.at\/index.php\/?page_id=139"},"modified":"2022-12-05T17:53:20","modified_gmt":"2022-12-05T15:53:20","slug":"anfahrtsplan","status":"publish","type":"page","link":"https:\/\/www.psychotherapeutin-kip.at\/?page_id=139","title":{"rendered":"Wo"},"content":{"rendered":"\n<h2 class=\"has-text-align-center wp-block-heading\" id=\"hier-finden-sie-mich\">Hier finden Sie meine Praxis<\/h2>\n\n\n\n<p class=\"has-text-align-center\">Gerne k\u00f6nnen Sie telefonisch oder per Mail einen Termin f\u00fcr ein Erstgespr\u00e4ch vereinbaren.<\/p>\n\n\n\n<div style=\"height:30px\" aria-hidden=\"true\" class=\"wp-block-spacer\"><\/div>\n\n\n\n<p><\/p>\n\n\n\n<div class=\"wp-block-columns has-accent-background-color has-background is-layout-flex wp-container-core-columns-is-layout-28f84493 wp-block-columns-is-layout-flex\">\n<div class=\"wp-block-column is-layout-flow wp-block-column-is-layout-flow\">\n<figure class=\"wp-block-image size-large\"><img loading=\"lazy\" decoding=\"async\" width=\"683\" height=\"1024\" src=\"http:\/\/www.psychotherapeutin-kip.at\/wp-content\/uploads\/2015\/02\/st-683x1024.jpg\" alt=\"\" class=\"wp-image-167\" srcset=\"https:\/\/www.psychotherapeutin-kip.at\/wp-content\/uploads\/2015\/02\/st-683x1024.jpg 683w, https:\/\/www.psychotherapeutin-kip.at\/wp-content\/uploads\/2015\/02\/st-200x300.jpg 200w, https:\/\/www.psychotherapeutin-kip.at\/wp-content\/uploads\/2015\/02\/st.jpg 800w\" sizes=\"auto, (max-width: 683px) 100vw, 683px\" \/><\/figure>\n<\/div>\n\n\n\n<div class=\"wp-block-column is-layout-flow wp-block-column-is-layout-flow\"><div class=\"wp-block-image\">\n<figure class=\"aligncenter size-large\"><img loading=\"lazy\" decoding=\"async\" width=\"800\" height=\"533\" src=\"http:\/\/www.psychotherapeutin-kip.at\/wp-content\/uploads\/2015\/02\/room.jpg\" alt=\"\" class=\"wp-image-166\" srcset=\"https:\/\/www.psychotherapeutin-kip.at\/wp-content\/uploads\/2015\/02\/room.jpg 800w, https:\/\/www.psychotherapeutin-kip.at\/wp-content\/uploads\/2015\/02\/room-300x200.jpg 300w\" sizes=\"auto, (max-width: 800px) 100vw, 800px\" \/><\/figure><\/div>\n\n\n<div style=\"height:40px\" aria-hidden=\"true\" class=\"wp-block-spacer\"><\/div>\n\n\n\n<p class=\"has-text-align-center\"><strong>Mag.a Claudia Schmidt<\/strong><br>Wiesingerstrasse 7<br>4820 Bad Ischl<br>Tel: <a href=\"tel:068181448384\">0681 \/ 81 44 83 84  <\/a><a href=\"mailto:claudia.schmidt@psychotherapeutin-kip.at\">claudia.schmidt@psychotherapeutin-kip.at<\/a><\/p>\n\n\n\n<p><\/p>\n\n\n\n<p><\/p>\n<\/div>\n<\/div>\n\n\n\n<div style=\"height:50px\" aria-hidden=\"true\" class=\"wp-block-spacer\"><\/div>\n\n\n<div tabindex=\"700\" id=\"drdsgvo_map\" class=\"drdsgvo_map\" style=\"height:100%;margin:0:padding:0\"><\/div>\n\n\n\n<div style=\"height:70px\" aria-hidden=\"true\" class=\"wp-block-spacer\"><\/div>\n","protected":false},"excerpt":{"rendered":"<p>Hier finden Sie meine Praxis Gerne k\u00f6nnen Sie telefonisch oder per Mail einen Termin f\u00fcr ein Erstgespr\u00e4ch vereinbaren. Mag.a Claudia SchmidtWiesingerstrasse 74820 Bad IschlTel: 0681 \/ 81 44 83 84 claudia.schmidt@psychotherapeutin-kip.at<\/p>\n","protected":false},"author":1,"featured_media":0,"parent":0,"menu_order":10,"comment_status":"closed","ping_status":"open","template":"","meta":{"footnotes":""},"class_list":["post-139","page","type-page","status-publish","hentry"],"_links":{"self":[{"href":"https:\/\/www.psychotherapeutin-kip.at\/index.php?rest_route=\/wp\/v2\/pages\/139","targetHints":{"allow":["GET"]}}],"collection":[{"href":"https:\/\/www.psychotherapeutin-kip.at\/index.php?rest_route=\/wp\/v2\/pages"}],"about":[{"href":"https:\/\/www.psychotherapeutin-kip.at\/index.php?rest_route=\/wp\/v2\/types\/page"}],"author":[{"embeddable":true,"href":"https:\/\/www.psychotherapeutin-kip.at\/index.php?rest_route=\/wp\/v2\/users\/1"}],"replies":[{"embeddable":true,"href":"https:\/\/www.psychotherapeutin-kip.at\/index.php?rest_route=%2Fwp%2Fv2%2Fcomments&post=139"}],"version-history":[{"count":34,"href":"https:\/\/www.psychotherapeutin-kip.at\/index.php?rest_route=\/wp\/v2\/pages\/139\/revisions"}],"predecessor-version":[{"id":8725,"href":"https:\/\/www.psychotherapeutin-kip.at\/index.php?rest_route=\/wp\/v2\/pages\/139\/revisions\/8725"}],"wp:attachment":[{"href":"https:\/\/www.psychotherapeutin-kip.at\/index.php?rest_route=%2Fwp%2Fv2%2Fmedia&parent=139"}],"curies":[{"name":"wp","href":"https:\/\/api.w.org\/{rel}","templated":true}]}}