{"id":177,"date":"2015-02-23T22:16:48","date_gmt":"2015-02-23T20:16:48","guid":{"rendered":"http:\/\/www.psychotherapeutin-kip.at\/index.php\/?page_id=177"},"modified":"2023-11-14T22:50:48","modified_gmt":"2023-11-14T20:50:48","slug":"impressum","status":"publish","type":"page","link":"https:\/\/www.psychotherapeutin-kip.at\/?page_id=177","title":{"rendered":"Impressum"},"content":{"rendered":"\n<h3 class=\"wp-block-heading has-large-font-size\">Impressum<\/h3>\n\n\n\n<p class=\"has-medium-font-size\"><strong>Medieninhaberin und Unternehmerin:<\/strong><br>Mag. Claudia Schmidt<br>Psychotherapeutin<br>Wiesingerstra\u00dfe 7<br>4820 Bad Ischl<\/p>\n\n\n\n<p class=\"has-medium-font-size\">Telefon: <a href=\"tel:+4368181448384\"> 0681\/81 44 83 84<\/a><br>E-Mail: <a href=\"mailto:%20claudia.schmidt@psychotherapeutin-kip.at\">claudia.schmidt@psychotherapeutin-kip.at<\/a><\/p>\n\n\n\n<p class=\"has-medium-font-size\"><strong>Zust\u00e4ndige Aufsichtsbeh\u00f6rde:<\/strong><br>Bundesministerium f\u00fcr Gesundheit<\/p>\n\n\n\n<p class=\"has-medium-font-size\"><strong>Unternehmensgegenstand:<\/strong><br>Psychotherapie (KIP), (\u00d6sterreich)<\/p>\n\n\n\n<p class=\"has-medium-font-size\"><strong>Mitgliedschaften:<\/strong><br>\u00d6BVP, O\u00d6LP, \u00d6GATAP<\/p>\n\n\n\n<p class=\"has-medium-font-size\"><strong>Gesetzliche Grundlage:<\/strong><br>Psychotherapiegesetz<br>(einsehbar unter <a href=\"http:\/\/www.ris.bka.gv.at\">www.ris.bka.gv.at<\/a>)<\/p>\n\n\n\n<hr class=\"wp-block-separator has-text-color has-accent-color has-alpha-channel-opacity has-accent-background-color has-background is-style-wide\"\/>\n\n\n\n<p class=\"has-medium-font-size\"><strong>Design und Bearbeitung:<\/strong> <a href=\"http:\/\/www.dieluschin.at\" target=\"_blank\" rel=\"noopener noreferrer\">dieLuschin<\/a>; C.Weidhofer<\/p>\n\n\n\n<p class=\"has-medium-font-size\"><strong>Foto Mag.a Claudia Schmidt:<\/strong> Nora K\u00f6ck<br><a href=\"https:\/\/3c.gmx.net\/mail\/client\/dereferrer?redirectUrl=http%3A%2F%2Fwannabe.fuger.at%2F\" target=\"_blank\" rel=\"noopener noreferrer\"><\/a><\/p>\n\n\n\n<div style=\"height:30px\" aria-hidden=\"true\" class=\"wp-block-spacer\"><\/div>\n","protected":false},"excerpt":{"rendered":"<p>Impressum Medieninhaberin und Unternehmerin:Mag. Claudia SchmidtPsychotherapeutinWiesingerstra\u00dfe 74820 Bad Ischl Telefon: 0681\/81 44 83 84E-Mail: claudia.schmidt@psychotherapeutin-kip.at Zust\u00e4ndige Aufsichtsbeh\u00f6rde:Bundesministerium f\u00fcr Gesundheit Unternehmensgegenstand:Psychotherapie (KIP), (\u00d6sterreich) Mitgliedschaften:\u00d6BVP, O\u00d6LP, \u00d6GATAP Gesetzliche Grundlage:Psychotherapiegesetz(einsehbar unter www.ris.bka.gv.at) Design und Bearbeitung: dieLuschin; C.Weidhofer Foto Mag.a Claudia Schmidt: Nora K\u00f6ck<\/p>\n","protected":false},"author":1,"featured_media":0,"parent":0,"menu_order":0,"comment_status":"closed","ping_status":"open","template":"","meta":{"footnotes":""},"class_list":["post-177","page","type-page","status-publish","hentry"],"_links":{"self":[{"href":"https:\/\/www.psychotherapeutin-kip.at\/index.php?rest_route=\/wp\/v2\/pages\/177","targetHints":{"allow":["GET"]}}],"collection":[{"href":"https:\/\/www.psychotherapeutin-kip.at\/index.php?rest_route=\/wp\/v2\/pages"}],"about":[{"href":"https:\/\/www.psychotherapeutin-kip.at\/index.php?rest_route=\/wp\/v2\/types\/page"}],"author":[{"embeddable":true,"href":"https:\/\/www.psychotherapeutin-kip.at\/index.php?rest_route=\/wp\/v2\/users\/1"}],"replies":[{"embeddable":true,"href":"https:\/\/www.psychotherapeutin-kip.at\/index.php?rest_route=%2Fwp%2Fv2%2Fcomments&post=177"}],"version-history":[{"count":20,"href":"https:\/\/www.psychotherapeutin-kip.at\/index.php?rest_route=\/wp\/v2\/pages\/177\/revisions"}],"predecessor-version":[{"id":8812,"href":"https:\/\/www.psychotherapeutin-kip.at\/index.php?rest_route=\/wp\/v2\/pages\/177\/revisions\/8812"}],"wp:attachment":[{"href":"https:\/\/www.psychotherapeutin-kip.at\/index.php?rest_route=%2Fwp%2Fv2%2Fmedia&parent=177"}],"curies":[{"name":"wp","href":"https:\/\/api.w.org\/{rel}","templated":true}]}}