{"id":55,"date":"2015-02-15T20:50:09","date_gmt":"2015-02-15T18:50:09","guid":{"rendered":"http:\/\/www.psychotherapeutin-kip.at\/index.php\/?page_id=55"},"modified":"2022-12-06T09:58:49","modified_gmt":"2022-12-06T07:58:49","slug":"wann","status":"publish","type":"page","link":"https:\/\/www.psychotherapeutin-kip.at\/?page_id=55","title":{"rendered":"Wann"},"content":{"rendered":"\n<h3 class=\"has-text-align-center wp-block-heading\" id=\"wann-psychotherapie-hilft\">Wann Psychotherapie hilft<\/h3>\n\n\n\n<div style=\"height:70px\" aria-hidden=\"true\" class=\"wp-block-spacer\"><\/div>\n\n\n\n<p class=\"has-text-align-center has-medium-font-size\"><strong>Psychotherapie kann dann hilfreich sein, wenn ein seelisches Leiden zu gro\u00df wird und und nicht mehr allein bew\u00e4ltigt werden kann.<\/strong><\/p>\n\n\n\n<hr class=\"wp-block-separator has-text-color has-accent-color has-css-opacity has-accent-background-color has-background\"\/>\n\n\n\n<div style=\"height:70px\" aria-hidden=\"true\" class=\"wp-block-spacer\"><\/div>\n\n\n\n<p class=\"has-medium-font-size\">F\u00fcr Betroffene ist es nicht immer leicht zu erkennen, wann eine Psychotherapie gut w\u00e4re. Hilfreich kann dabei die Frage sein, ob es seelische Gr\u00fcnde f\u00fcr Beschwerden wie Schlaflosigkeit, Ersch\u00f6pfungszust\u00e4nde, Gef\u00fchl der Leere etc, gibt. Ob nun tats\u00e4chlich eine Psychotherapie indiziert ist, kann im Erstgespr\u00e4ch gekl\u00e4rt werden.<\/p>\n\n\n\n<hr class=\"wp-block-separator has-text-color has-accent-color has-css-opacity has-accent-background-color has-background\"\/>\n\n\n\n<div style=\"height:70px\" aria-hidden=\"true\" class=\"wp-block-spacer\"><\/div>\n\n\n\n<h4 class=\"has-text-align-center has-medium-font-size wp-block-heading\" id=\"beispiele-wo-eine-psychotherapie-hilfreich-sein-kann\">Beispiele, wo Psychotherapie hilfreich sein kann<\/h4>\n\n\n\n<p class=\"has-text-align-center has-medium-font-size\"><strong>Seelische Leiden<\/strong><br>Depressionen<br>\u00c4ngste<br>Selbstwertprobleme<br>psychosomatische Leiden<br>Essst\u00f6rungen<br>Zw\u00e4nge<\/p>\n\n\n\n<hr class=\"wp-block-separator has-text-color has-accent-color has-css-opacity has-accent-background-color has-background\"\/>\n\n\n\n<p class=\"has-text-align-center has-medium-font-size\"><strong>Belastungen<\/strong><br>Belastungen in Arbeit, Beziehung, Familie, etc.<br>Burn-out<\/p>\n\n\n\n<hr class=\"wp-block-separator has-text-color has-accent-color has-css-opacity has-accent-background-color has-background\"\/>\n\n\n\n<p class=\"has-text-align-center has-medium-font-size\"><strong>Krisen<\/strong><br>Akute Lebenskrisen<br>Traumatische Erlebnisse<br>Orientierungs-, Sinn- und Identit\u00e4tskrisen<br>Suche nach neuen Perspektiven<\/p>\n\n\n\n<div style=\"height:70px\" aria-hidden=\"true\" class=\"wp-block-spacer\"><\/div>\n","protected":false},"excerpt":{"rendered":"<p>Wann Psychotherapie hilft Psychotherapie kann dann hilfreich sein, wenn ein seelisches Leiden zu gro\u00df wird und und nicht mehr allein bew\u00e4ltigt werden kann. F\u00fcr Betroffene ist es nicht immer leicht zu erkennen, wann eine Psychotherapie gut w\u00e4re. Hilfreich kann dabei die Frage sein, ob es seelische Gr\u00fcnde f\u00fcr Beschwerden wie [&hellip;]<\/p>\n","protected":false},"author":1,"featured_media":0,"parent":0,"menu_order":2,"comment_status":"closed","ping_status":"open","template":"","meta":{"footnotes":""},"class_list":["post-55","page","type-page","status-publish","hentry"],"_links":{"self":[{"href":"https:\/\/www.psychotherapeutin-kip.at\/index.php?rest_route=\/wp\/v2\/pages\/55","targetHints":{"allow":["GET"]}}],"collection":[{"href":"https:\/\/www.psychotherapeutin-kip.at\/index.php?rest_route=\/wp\/v2\/pages"}],"about":[{"href":"https:\/\/www.psychotherapeutin-kip.at\/index.php?rest_route=\/wp\/v2\/types\/page"}],"author":[{"embeddable":true,"href":"https:\/\/www.psychotherapeutin-kip.at\/index.php?rest_route=\/wp\/v2\/users\/1"}],"replies":[{"embeddable":true,"href":"https:\/\/www.psychotherapeutin-kip.at\/index.php?rest_route=%2Fwp%2Fv2%2Fcomments&post=55"}],"version-history":[{"count":34,"href":"https:\/\/www.psychotherapeutin-kip.at\/index.php?rest_route=\/wp\/v2\/pages\/55\/revisions"}],"predecessor-version":[{"id":8738,"href":"https:\/\/www.psychotherapeutin-kip.at\/index.php?rest_route=\/wp\/v2\/pages\/55\/revisions\/8738"}],"wp:attachment":[{"href":"https:\/\/www.psychotherapeutin-kip.at\/index.php?rest_route=%2Fwp%2Fv2%2Fmedia&parent=55"}],"curies":[{"name":"wp","href":"https:\/\/api.w.org\/{rel}","templated":true}]}}