{"id":67,"date":"2015-02-15T20:53:38","date_gmt":"2015-02-15T18:53:38","guid":{"rendered":"http:\/\/www.psychotherapeutin-kip.at\/index.php\/?page_id=67"},"modified":"2022-12-05T11:07:17","modified_gmt":"2022-12-05T09:07:17","slug":"help","status":"publish","type":"page","link":"https:\/\/www.psychotherapeutin-kip.at\/?page_id=67","title":{"rendered":"HELP"},"content":{"rendered":"\n<h3 class=\"has-large-font-size wp-block-heading\">Erste Hilfe in der Krise<\/h3>\n\n\n\n<div style=\"height:70px\" aria-hidden=\"true\" class=\"wp-block-spacer\"><\/div>\n\n\n\n<p class=\"has-medium-font-size\"><strong>Kriseninterventionszentrum Linz<\/strong><br>Hessenplatz 9<br>4020 Linz<br>Tel: 0732\/21 77<br>Montag bis Donnerstag 8 bis 17 Uhr, Freitag 8 bis 15 Uhr<br>Internet: <a href=\"http:\/\/www.pmooe.at\">www.pmooe.at<\/a><\/p>\n\n\n\n<hr class=\"wp-block-separator has-text-color has-accent-color has-alpha-channel-opacity has-accent-background-color has-background is-style-wide\"\/>\n\n\n\n<p class=\"has-medium-font-size\"><strong>PND \u2013 Psychosozialer Notdienst<\/strong><br>Figulystra\u00dfe 32<br>4020 Linz<br>Tel: B\u00fcro 0732 \/ 60 30 35, Notruf 0732\/65 10 15<br>E-Mail: <a href=\"mailto:pnd.ooe@promenteooe.at\">pnd.ooe@promenteooe.at<\/a><\/p>\n\n\n\n<hr class=\"wp-block-separator has-text-color has-accent-color has-alpha-channel-opacity has-accent-background-color has-background is-style-wide\"\/>\n\n\n\n<p class=\"has-medium-font-size\"><strong>Landes-Nervenklinik Wagner-Jauregg<\/strong><br>Wagner-Jauregg-Weg 15, 4<br>4020 Linz<br>Tel.: 050554\/62-0<\/p>\n\n\n\n<hr class=\"wp-block-separator has-text-color has-accent-color has-alpha-channel-opacity has-accent-background-color has-background is-style-wide\"\/>\n\n\n\n<p class=\"has-medium-font-size\"><strong>Salzkammergut-Klinikum V\u00f6cklabruck<\/strong><br>Dr.-Wilhelm-Bock-Stra\u00dfe 1<br>4840 V\u00f6cklabruck<br>Tel.: 05 055471-0<br>Fax: 05 055471-1014<br>E-Mail: <a href=\"mailto:contact.sk@gespag.at\">contact.sk@gespag.at<\/a><\/p>\n\n\n\n<hr class=\"wp-block-separator has-text-color has-accent-color has-alpha-channel-opacity has-accent-background-color has-background is-style-wide\"\/>\n\n\n\n<p class=\"has-medium-font-size\"><strong>\u00d6sterreichische Krebshilfe Ober\u00f6sterreich<\/strong><br>Harrachstr. 13<br>4020 Linz<br>Tel.: <a href=\"tel:0043732777756\">0732\/777756<\/a><br>E-Mail: <a href=\"javascript:linkTo_UnCryptMailto(%27ocknvq%2CQhhkegBmtgdujknhg%5C%2Fqqg0cv%27);\">office@krebshilfe-ooe.at<\/a><br><a href=\"https:\/\/www.krebshilfe-ooe.at\/\">https:\/\/w<\/a><a href=\"https:\/\/www.krebshilfe-ooe.at\/\" target=\"_blank\" rel=\"noreferrer noopener\">ww.krebshilfe-ooe.at\/<\/a><\/p>\n\n\n\n<div style=\"height:70px\" aria-hidden=\"true\" class=\"wp-block-spacer\"><\/div>\n","protected":false},"excerpt":{"rendered":"<p>Erste Hilfe in der Krise Kriseninterventionszentrum LinzHessenplatz 94020 LinzTel: 0732\/21 77Montag bis Donnerstag 8 bis 17 Uhr, Freitag 8 bis 15 UhrInternet: www.pmooe.at PND \u2013 Psychosozialer NotdienstFigulystra\u00dfe 324020 LinzTel: B\u00fcro 0732 \/ 60 30 35, Notruf 0732\/65 10 15E-Mail: pnd.ooe@promenteooe.at Landes-Nervenklinik Wagner-JaureggWagner-Jauregg-Weg 15, 44020 LinzTel.: 050554\/62-0 Salzkammergut-Klinikum V\u00f6cklabruckDr.-Wilhelm-Bock-Stra\u00dfe 14840 V\u00f6cklabruckTel.: [&hellip;]<\/p>\n","protected":false},"author":1,"featured_media":0,"parent":0,"menu_order":7,"comment_status":"closed","ping_status":"open","template":"","meta":{"footnotes":""},"class_list":["post-67","page","type-page","status-publish","hentry"],"_links":{"self":[{"href":"https:\/\/www.psychotherapeutin-kip.at\/index.php?rest_route=\/wp\/v2\/pages\/67","targetHints":{"allow":["GET"]}}],"collection":[{"href":"https:\/\/www.psychotherapeutin-kip.at\/index.php?rest_route=\/wp\/v2\/pages"}],"about":[{"href":"https:\/\/www.psychotherapeutin-kip.at\/index.php?rest_route=\/wp\/v2\/types\/page"}],"author":[{"embeddable":true,"href":"https:\/\/www.psychotherapeutin-kip.at\/index.php?rest_route=\/wp\/v2\/users\/1"}],"replies":[{"embeddable":true,"href":"https:\/\/www.psychotherapeutin-kip.at\/index.php?rest_route=%2Fwp%2Fv2%2Fcomments&post=67"}],"version-history":[{"count":13,"href":"https:\/\/www.psychotherapeutin-kip.at\/index.php?rest_route=\/wp\/v2\/pages\/67\/revisions"}],"predecessor-version":[{"id":8657,"href":"https:\/\/www.psychotherapeutin-kip.at\/index.php?rest_route=\/wp\/v2\/pages\/67\/revisions\/8657"}],"wp:attachment":[{"href":"https:\/\/www.psychotherapeutin-kip.at\/index.php?rest_route=%2Fwp%2Fv2%2Fmedia&parent=67"}],"curies":[{"name":"wp","href":"https:\/\/api.w.org\/{rel}","templated":true}]}}