{"id":8511,"date":"2022-04-08T12:06:41","date_gmt":"2022-04-08T10:06:41","guid":{"rendered":"http:\/\/www.psychotherapeutin-kip.at\/index.php\/?page_id=8511"},"modified":"2025-11-02T22:23:15","modified_gmt":"2025-11-02T20:23:15","slug":"krebshilfe-bad-ischl","status":"publish","type":"page","link":"https:\/\/www.psychotherapeutin-kip.at\/?page_id=8511","title":{"rendered":"Krebshilfe Bad Ischl"},"content":{"rendered":"\n<div class=\"wp-block-media-text alignwide is-stacked-on-mobile\"><figure class=\"wp-block-media-text__media\"><img loading=\"lazy\" decoding=\"async\" width=\"600\" height=\"107\" src=\"http:\/\/www.psychotherapeutin-kip.at\/wp-content\/uploads\/2022\/04\/KH_Oberoesterreich.jpg\" alt=\"\" class=\"wp-image-8512 size-full\" srcset=\"https:\/\/www.psychotherapeutin-kip.at\/wp-content\/uploads\/2022\/04\/KH_Oberoesterreich.jpg 600w, https:\/\/www.psychotherapeutin-kip.at\/wp-content\/uploads\/2022\/04\/KH_Oberoesterreich-300x54.jpg 300w\" sizes=\"auto, (max-width: 600px) 100vw, 600px\" \/><\/figure><div class=\"wp-block-media-text__content\">\n<p class=\"has-medium-font-size\">Es freut mich, seit J\u00e4nner 2020 f\u00fcr die <a href=\"https:\/\/www.krebshilfe-ooe.at\/\" target=\"_blank\" rel=\"noreferrer noopener\">\u00d6sterreichische Krebshilfe Ober\u00f6sterreich<\/a> in Bad Ischl t\u00e4tig sein zu d\u00fcrfen. Die&nbsp;<strong>\u00d6sterreichische Krebshilfe Ober\u00f6sterreich<\/strong>&nbsp;versteht sich als Kompetenzzentrum zum Thema Krebs. Sie ist als gemeinn\u00fctziger, mildt\u00e4tiger Verein und als solcher beim BM f\u00fcr Inneres registriert. Die Krebshilfe Ober\u00f6sterreich ist Teil der Konf\u00f6deration der&nbsp;<strong>\u00d6sterreichischen Krebshilfe<\/strong>, die aus neun Landesvereinen und einem Dachverband (gegr. 1910) besteht.&nbsp;Die Beratungsstelle Bad Ischl untersteht der Krebshilfe O\u00d6.<\/p>\n<\/div><\/div>\n\n\n\n<div style=\"height:70px\" aria-hidden=\"true\" class=\"wp-block-spacer\"><\/div>\n\n\n\n<hr class=\"wp-block-separator has-text-color has-accent-color has-alpha-channel-opacity has-accent-background-color has-background\"\/>\n\n\n\n<div class=\"wp-block-group\"><div class=\"wp-block-group__inner-container is-layout-flow wp-block-group-is-layout-flow\">\n<div style=\"height:20px\" aria-hidden=\"true\" class=\"wp-block-spacer\"><\/div>\n\n\n\n<h3 class=\"wp-block-heading has-text-align-center has-medium-font-size\"><strong>Das Angebot in Bad Ischl<\/strong><\/h3>\n\n\n\n<ul class=\"wp-block-list has-medium-font-size\">\n<li>Psychotherapeutische Beratung und Begleitung von onkologischen Patienten<\/li>\n\n\n\n<li>Psychotherapeutische Beratung und Begleitung von Angeh\u00f6rigen<\/li>\n\n\n\n<li>Vermittlung von individuell abgestimmter Ern\u00e4hrungsberatung<\/li>\n\n\n\n<li>Vermittlung von sozialrechtlicher Beratung von Patienten und Angeh\u00f6rigen<\/li>\n\n\n\n<li>Vermittlung von finanzieller Unterst\u00fctzung in Notsituationen aufgrund der Krebserkrankung<\/li>\n<\/ul>\n<\/div><\/div>\n\n\n\n<hr class=\"wp-block-separator has-text-color has-accent-color has-alpha-channel-opacity has-accent-background-color has-background\"\/>\n\n\n\n<div style=\"height:70px\" aria-hidden=\"true\" class=\"wp-block-spacer\"><\/div>\n\n\n\n<p class=\"has-text-align-center has-medium-font-size\">S\u00e4mtliche Beratungsleistungen der \u00d6sterreichischen Krebshilfe sind <strong>kostenlos und anonym.<\/strong><\/p>\n\n\n\n<div style=\"height:70px\" aria-hidden=\"true\" class=\"wp-block-spacer\"><\/div>\n\n\n\n<p class=\"has-text-align-right has-medium-font-size\"><strong>Ort:<\/strong> <a rel=\"noreferrer noopener\" href=\"https:\/\/www.google.com\/maps\/place\/%C3%96GK+Kundenservice+Bad+Ischl+-+%C3%96sterreichische+Gesundheitskasse\/@47.7129918,13.6249939,17z\/data=!3m1!4b1!4m5!3m4!1s0x47714d227ff79ebd:0xfc2c3eb9f57f9eaa!8m2!3d47.7129907!4d13.6271885\" target=\"_blank\">\u00d6GK Bad Ischl, Bahnhofstrasse 12, 4820 Bad Ischl<\/a><br><strong>Kontakt:<\/strong> <a href=\"tel:06604530441\">0660 \/ 45 30 441<\/a><br><a href=\"mailto: beratung-badischl(at)krebshilfe-ooe.at\">beratung-badischl(at)krebshilfe-ooe.at<\/a><\/p>\n\n\n\n<div style=\"height:50px\" aria-hidden=\"true\" class=\"wp-block-spacer\"><\/div>\n\n\n\n<div class=\"wp-block-group\"><div class=\"wp-block-group__inner-container is-layout-flow wp-block-group-is-layout-flow\">\n<div style=\"height:20px\" aria-hidden=\"true\" class=\"wp-block-spacer\"><\/div>\n\n\n\n<div style=\"height:70px\" aria-hidden=\"true\" class=\"wp-block-spacer\"><\/div>\n<\/div><\/div>\n\n\n\n<p><\/p>\n","protected":false},"excerpt":{"rendered":"<p>Es freut mich, seit J\u00e4nner 2020 f\u00fcr die \u00d6sterreichische Krebshilfe Ober\u00f6sterreich in Bad Ischl t\u00e4tig sein zu d\u00fcrfen. Die&nbsp;\u00d6sterreichische Krebshilfe Ober\u00f6sterreich&nbsp;versteht sich als Kompetenzzentrum zum Thema Krebs. Sie ist als gemeinn\u00fctziger, mildt\u00e4tiger Verein und als solcher beim BM f\u00fcr Inneres registriert. Die Krebshilfe Ober\u00f6sterreich ist Teil der Konf\u00f6deration der&nbsp;\u00d6sterreichischen Krebshilfe, [&hellip;]<\/p>\n","protected":false},"author":1,"featured_media":0,"parent":0,"menu_order":0,"comment_status":"closed","ping_status":"closed","template":"","meta":{"footnotes":""},"class_list":["post-8511","page","type-page","status-publish","hentry"],"_links":{"self":[{"href":"https:\/\/www.psychotherapeutin-kip.at\/index.php?rest_route=\/wp\/v2\/pages\/8511","targetHints":{"allow":["GET"]}}],"collection":[{"href":"https:\/\/www.psychotherapeutin-kip.at\/index.php?rest_route=\/wp\/v2\/pages"}],"about":[{"href":"https:\/\/www.psychotherapeutin-kip.at\/index.php?rest_route=\/wp\/v2\/types\/page"}],"author":[{"embeddable":true,"href":"https:\/\/www.psychotherapeutin-kip.at\/index.php?rest_route=\/wp\/v2\/users\/1"}],"replies":[{"embeddable":true,"href":"https:\/\/www.psychotherapeutin-kip.at\/index.php?rest_route=%2Fwp%2Fv2%2Fcomments&post=8511"}],"version-history":[{"count":18,"href":"https:\/\/www.psychotherapeutin-kip.at\/index.php?rest_route=\/wp\/v2\/pages\/8511\/revisions"}],"predecessor-version":[{"id":8831,"href":"https:\/\/www.psychotherapeutin-kip.at\/index.php?rest_route=\/wp\/v2\/pages\/8511\/revisions\/8831"}],"wp:attachment":[{"href":"https:\/\/www.psychotherapeutin-kip.at\/index.php?rest_route=%2Fwp%2Fv2%2Fmedia&parent=8511"}],"curies":[{"name":"wp","href":"https:\/\/api.w.org\/{rel}","templated":true}]}}